{"id":84,"date":"2017-11-10T14:08:51","date_gmt":"2017-11-10T14:08:51","guid":{"rendered":"http:\/\/tag_link_site_url\/mesmerize\/"},"modified":"2023-07-08T16:42:23","modified_gmt":"2023-07-08T16:42:23","slug":"mesmerize","status":"publish","type":"page","link":"https:\/\/formasdevidaalternativas.art\/?page_id=84","title":{"rendered":"\ud83c\udd60\ud83c\udd64\ud83c\udd54 \ud83c\udd54\ud83c\udd62 \ud83c\udd55\ud83c\udd65\ud83c\udd50\u2753\u2753"},"content":{"rendered":"\n<div class=\"wp-block-group alignwide\"><div class=\"wp-block-group__inner-container is-layout-flow wp-block-group-is-layout-flow\">\n<hr class=\"wp-block-separator has-text-color has-accent-color has-alpha-channel-opacity has-accent-background-color has-background is-style-dots\"\/>\n<\/div><\/div>\n\n\n<div class=\"wp-block-image\">\n<figure class=\"aligncenter size-full is-resized\"><img loading=\"lazy\" decoding=\"async\" src=\"https:\/\/formasdevidaalternativas.art\/wp-content\/uploads\/2022\/07\/Recurso-1.png\" alt=\"\" class=\"wp-image-1521\" width=\"314\" height=\"399\" srcset=\"https:\/\/formasdevidaalternativas.art\/wp-content\/uploads\/2022\/07\/Recurso-1.png 378w, https:\/\/formasdevidaalternativas.art\/wp-content\/uploads\/2022\/07\/Recurso-1-235x300.png 235w\" sizes=\"auto, (max-width: 314px) 100vw, 314px\" \/><\/figure><\/div>\n\n\n<hr class=\"wp-block-separator has-text-color has-accent-color has-alpha-channel-opacity has-accent-background-color has-background is-style-dots\"\/>\n\n\n\n<div class=\"wp-block-columns is-layout-flex wp-container-core-columns-is-layout-9d6595d7 wp-block-columns-is-layout-flex\">\n<div class=\"wp-block-column is-vertically-aligned-center is-layout-flow wp-block-column-is-layout-flow\">\n<div class=\"wp-block-columns are-vertically-aligned-center is-layout-flex wp-container-core-columns-is-layout-9d6595d7 wp-block-columns-is-layout-flex\">\n<div class=\"wp-block-column is-layout-flow wp-block-column-is-layout-flow\">\n<p class=\"has-drop-cap has-primary-color has-text-color\" style=\"font-size:24px\"> Formas de vida alternativas (FVA), es una iniciativa art\u00edstico-cultural la cual abarca diferentes disciplinas como son la pintura, escultura, ilustraci\u00f3n y poes\u00eda, entre otras. Todas ellas de \u00edndole art\u00edstica coexistiendo y hermanando tanto los aspectos comunes como distintivos de las mismas, buscando la adaptaci\u00f3n de estas a diferentes formatos.  <\/p>\n\n\n\n<p class=\"has-primary-color has-text-color\" style=\"font-size:24px\">El objetivo es aportar a la sociedad, a trav\u00e9s de la expresi\u00f3n art\u00edstica, una perspectiva de vida en pro del positivismo, mediante una actitud que sirva como ejemplo y fomento, para la canalizaci\u00f3n de la visi\u00f3n subjetiva y genuina propia de cada individuo. Animando con esta iniciativa a la participaci\u00f3n y colaboraci\u00f3n de toda persona que lo desee independientemente de la profesi\u00f3n o campo de trabajo al que pertenezca, siendo la adaptaci\u00f3n de ambas realidades un acto creativo en s\u00ed mismo.<\/p>\n\n\n\n<p class=\"has-primary-color has-text-color\" style=\"font-size:24px\">Surge en 2009 y contin\u00faa actualmente promovida por una fuerte pasi\u00f3n y amor por el arte, tanto a nivel hist\u00f3rico como pr\u00e1ctico, sirviendo este como soporte testimonial de la vida y vivencias de su autora, Flor Albelda.                                     <br>                                                                                    <\/p>\n<\/div>\n<\/div>\n<\/div>\n<\/div>\n\n\n\n<div class=\"wp-block-group has-primary-color has-background-background-color has-text-color has-background\"><div class=\"wp-block-group__inner-container is-layout-flow wp-block-group-is-layout-flow\">\n<div class=\"wp-block-columns is-layout-flex wp-container-core-columns-is-layout-9d6595d7 wp-block-columns-is-layout-flex\">\n<div class=\"wp-block-column is-layout-flow wp-block-column-is-layout-flow\"><\/div>\n<\/div>\n<\/div><\/div>\n","protected":false},"excerpt":{"rendered":"<p>Formas de vida alternativas (FVA), es una iniciativa art\u00edstico-cultural la cual abarca diferentes disciplinas como son la pintura, escultura, ilustraci\u00f3n y poes\u00eda, entre otras. Todas ellas de \u00edndole art\u00edstica coexistiendo y hermanando tanto los aspectos comunes como distintivos de las mismas, buscando la adaptaci\u00f3n de estas a diferentes formatos. El objetivo es aportar a la [&hellip;]<\/p>\n","protected":false},"author":1,"featured_media":0,"parent":0,"menu_order":0,"comment_status":"closed","ping_status":"closed","template":"","meta":{"om_disable_all_campaigns":false,"_monsterinsights_skip_tracking":false,"_monsterinsights_sitenote_active":false,"_monsterinsights_sitenote_note":"","_monsterinsights_sitenote_category":0,"footnotes":""},"class_list":["post-84","page","type-page","status-publish","hentry"],"aioseo_notices":[],"jetpack_sharing_enabled":true,"_links":{"self":[{"href":"https:\/\/formasdevidaalternativas.art\/index.php?rest_route=\/wp\/v2\/pages\/84","targetHints":{"allow":["GET"]}}],"collection":[{"href":"https:\/\/formasdevidaalternativas.art\/index.php?rest_route=\/wp\/v2\/pages"}],"about":[{"href":"https:\/\/formasdevidaalternativas.art\/index.php?rest_route=\/wp\/v2\/types\/page"}],"author":[{"embeddable":true,"href":"https:\/\/formasdevidaalternativas.art\/index.php?rest_route=\/wp\/v2\/users\/1"}],"replies":[{"embeddable":true,"href":"https:\/\/formasdevidaalternativas.art\/index.php?rest_route=%2Fwp%2Fv2%2Fcomments&post=84"}],"version-history":[{"count":5,"href":"https:\/\/formasdevidaalternativas.art\/index.php?rest_route=\/wp\/v2\/pages\/84\/revisions"}],"predecessor-version":[{"id":1536,"href":"https:\/\/formasdevidaalternativas.art\/index.php?rest_route=\/wp\/v2\/pages\/84\/revisions\/1536"}],"wp:attachment":[{"href":"https:\/\/formasdevidaalternativas.art\/index.php?rest_route=%2Fwp%2Fv2%2Fmedia&parent=84"}],"curies":[{"name":"wp","href":"https:\/\/api.w.org\/{rel}","templated":true}]}}