{"id":489,"date":"2021-07-21T08:45:57","date_gmt":"2021-07-21T08:45:57","guid":{"rendered":"https:\/\/formasdevidaalternativas.art\/?page_id=489"},"modified":"2023-07-08T16:45:57","modified_gmt":"2023-07-08T16:45:57","slug":"inicio","status":"publish","type":"page","link":"https:\/\/formasdevidaalternativas.art\/","title":{"rendered":"\ud835\udc37\ud835\udc5c\ud835\udc5b\ud835\udc51\ud835\udc52 \ud835\udc52\ud835\udc59 \ud835\udc34\ud835\udc45\ud835\udc47\ud835\udc38 \ud835\udc60\ud835\udc52 \ud835\udc61\ud835\udc5f\ud835\udc4e\ud835\udc5b\ud835\udc60\ud835\udc53\ud835\udc5c\ud835\udc5f\ud835\udc5a\ud835\udc4e \ud835\udc52\ud835\udc5b \ud835\udc49\ud835\udc3c\ud835\udc37\ud835\udc34"},"content":{"rendered":"\n<figure class=\"wp-block-pullquote has-text-align-center has-accent-color has-text-color has-large-font-size\"><blockquote><p>\ud835\udc39\ud835\udc59\ud835\udc5c\ud835\udc5f \ud835\udc34\ud835\udc59\ud835\udc4f\ud835\udc52\ud835\udc59\ud835\udc51\ud835\udc4e \ud835\udc3a\ud835\udc5f\ud835\udc4e\ud835\udc50\ud835\udc56\ud835\udc4e\ud835\udc5b\ud835\udc5c<\/p><\/blockquote><\/figure>\n\n\n\n<div class=\"wp-block-columns is-layout-flex wp-container-core-columns-is-layout-9d6595d7 wp-block-columns-is-layout-flex\">\n<div class=\"wp-block-column is-layout-flow wp-block-column-is-layout-flow\" style=\"flex-basis:100%\">\n<div class=\"wp-block-group\"><div class=\"wp-block-group__inner-container is-layout-flow wp-block-group-is-layout-flow\">\n<div class=\"wp-block-columns is-layout-flex wp-container-core-columns-is-layout-9d6595d7 wp-block-columns-is-layout-flex\">\n<div class=\"wp-block-column is-vertically-aligned-center is-layout-flow wp-block-column-is-layout-flow\" style=\"flex-basis:100%\">\n<div class=\"wp-block-columns is-layout-flex wp-container-core-columns-is-layout-9d6595d7 wp-block-columns-is-layout-flex\">\n<div class=\"wp-block-column is-layout-flow wp-block-column-is-layout-flow\" style=\"flex-basis:100%\">\n<hr class=\"wp-block-separator has-text-color has-accent-color has-alpha-channel-opacity has-accent-background-color has-background is-style-dots\"\/>\n\n\n\n<div class=\"wp-block-group\"><div class=\"wp-block-group__inner-container is-layout-flow wp-block-group-is-layout-flow\">\n<div class=\"wp-block-jetpack-slideshow aligncenter\" data-effect=\"slide\"><div class=\"wp-block-jetpack-slideshow_container swiper-container\"><ul class=\"wp-block-jetpack-slideshow_swiper-wrapper swiper-wrapper\"><li class=\"wp-block-jetpack-slideshow_slide swiper-slide\"><figure><img loading=\"lazy\" decoding=\"async\" width=\"2048\" height=\"1536\" alt=\"\" class=\"wp-block-jetpack-slideshow_image wp-image-606\" data-id=\"606\" src=\"https:\/\/formasdevidaalternativas.art\/wp-content\/uploads\/2021\/07\/DUe6ntpWkAIL6j8-2-5.jpg\" srcset=\"https:\/\/formasdevidaalternativas.art\/wp-content\/uploads\/2021\/07\/DUe6ntpWkAIL6j8-2-5.jpg 2048w, https:\/\/formasdevidaalternativas.art\/wp-content\/uploads\/2021\/07\/DUe6ntpWkAIL6j8-2-5-300x225.jpg 300w, https:\/\/formasdevidaalternativas.art\/wp-content\/uploads\/2021\/07\/DUe6ntpWkAIL6j8-2-5-1024x768.jpg 1024w, https:\/\/formasdevidaalternativas.art\/wp-content\/uploads\/2021\/07\/DUe6ntpWkAIL6j8-2-5-768x576.jpg 768w, https:\/\/formasdevidaalternativas.art\/wp-content\/uploads\/2021\/07\/DUe6ntpWkAIL6j8-2-5-1536x1152.jpg 1536w, https:\/\/formasdevidaalternativas.art\/wp-content\/uploads\/2021\/07\/DUe6ntpWkAIL6j8-2-5-880x660.jpg 880w, https:\/\/formasdevidaalternativas.art\/wp-content\/uploads\/2021\/07\/DUe6ntpWkAIL6j8-2-5-606x455.jpg 606w, https:\/\/formasdevidaalternativas.art\/wp-content\/uploads\/2021\/07\/DUe6ntpWkAIL6j8-2-5-730x547.jpg 730w\" sizes=\"(max-width: 2048px) 100vw, 2048px\" \/><figcaption class=\"wp-block-jetpack-slideshow_caption gallery-caption\">FVA M\u00e1laga 2018<\/figcaption><\/figure><\/li><li class=\"wp-block-jetpack-slideshow_slide swiper-slide\"><figure><img loading=\"lazy\" decoding=\"async\" width=\"1200\" height=\"900\" alt=\"\" class=\"wp-block-jetpack-slideshow_image wp-image-605\" data-id=\"605\" src=\"https:\/\/formasdevidaalternativas.art\/wp-content\/uploads\/2021\/07\/DUe6ns8W0AEPRyw-5.jpg\" srcset=\"https:\/\/formasdevidaalternativas.art\/wp-content\/uploads\/2021\/07\/DUe6ns8W0AEPRyw-5.jpg 1200w, https:\/\/formasdevidaalternativas.art\/wp-content\/uploads\/2021\/07\/DUe6ns8W0AEPRyw-5-300x225.jpg 300w, https:\/\/formasdevidaalternativas.art\/wp-content\/uploads\/2021\/07\/DUe6ns8W0AEPRyw-5-1024x768.jpg 1024w, https:\/\/formasdevidaalternativas.art\/wp-content\/uploads\/2021\/07\/DUe6ns8W0AEPRyw-5-768x576.jpg 768w, https:\/\/formasdevidaalternativas.art\/wp-content\/uploads\/2021\/07\/DUe6ns8W0AEPRyw-5-880x660.jpg 880w, https:\/\/formasdevidaalternativas.art\/wp-content\/uploads\/2021\/07\/DUe6ns8W0AEPRyw-5-606x455.jpg 606w, https:\/\/formasdevidaalternativas.art\/wp-content\/uploads\/2021\/07\/DUe6ns8W0AEPRyw-5-730x547.jpg 730w\" sizes=\"(max-width: 1200px) 100vw, 1200px\" \/><figcaption class=\"wp-block-jetpack-slideshow_caption gallery-caption\">FVA M\u00e1laga 2018<\/figcaption><\/figure><\/li><li class=\"wp-block-jetpack-slideshow_slide swiper-slide\"><figure><img loading=\"lazy\" decoding=\"async\" width=\"1280\" height=\"960\" alt=\"\" class=\"wp-block-jetpack-slideshow_image wp-image-616\" data-id=\"616\" src=\"https:\/\/formasdevidaalternativas.art\/wp-content\/uploads\/2021\/07\/photo_2021-07-21_20-54-40-1.jpg\" srcset=\"https:\/\/formasdevidaalternativas.art\/wp-content\/uploads\/2021\/07\/photo_2021-07-21_20-54-40-1.jpg 1280w, https:\/\/formasdevidaalternativas.art\/wp-content\/uploads\/2021\/07\/photo_2021-07-21_20-54-40-1-300x225.jpg 300w, https:\/\/formasdevidaalternativas.art\/wp-content\/uploads\/2021\/07\/photo_2021-07-21_20-54-40-1-1024x768.jpg 1024w, https:\/\/formasdevidaalternativas.art\/wp-content\/uploads\/2021\/07\/photo_2021-07-21_20-54-40-1-768x576.jpg 768w, https:\/\/formasdevidaalternativas.art\/wp-content\/uploads\/2021\/07\/photo_2021-07-21_20-54-40-1-880x660.jpg 880w, https:\/\/formasdevidaalternativas.art\/wp-content\/uploads\/2021\/07\/photo_2021-07-21_20-54-40-1-606x455.jpg 606w, https:\/\/formasdevidaalternativas.art\/wp-content\/uploads\/2021\/07\/photo_2021-07-21_20-54-40-1-730x547.jpg 730w\" sizes=\"(max-width: 1280px) 100vw, 1280px\" \/><figcaption class=\"wp-block-jetpack-slideshow_caption gallery-caption\">FVA M\u00e1laga 2018<\/figcaption><\/figure><\/li><li class=\"wp-block-jetpack-slideshow_slide swiper-slide\"><figure><img loading=\"lazy\" decoding=\"async\" width=\"1280\" height=\"853\" alt=\"\" class=\"wp-block-jetpack-slideshow_image wp-image-618\" data-id=\"618\" src=\"https:\/\/formasdevidaalternativas.art\/wp-content\/uploads\/2021\/07\/photo_2017-09-15_18-58-17.jpg\" srcset=\"https:\/\/formasdevidaalternativas.art\/wp-content\/uploads\/2021\/07\/photo_2017-09-15_18-58-17.jpg 1280w, https:\/\/formasdevidaalternativas.art\/wp-content\/uploads\/2021\/07\/photo_2017-09-15_18-58-17-300x200.jpg 300w, https:\/\/formasdevidaalternativas.art\/wp-content\/uploads\/2021\/07\/photo_2017-09-15_18-58-17-1024x682.jpg 1024w, https:\/\/formasdevidaalternativas.art\/wp-content\/uploads\/2021\/07\/photo_2017-09-15_18-58-17-768x512.jpg 768w, https:\/\/formasdevidaalternativas.art\/wp-content\/uploads\/2021\/07\/photo_2017-09-15_18-58-17-990x660.jpg 990w\" sizes=\"(max-width: 1280px) 100vw, 1280px\" \/><figcaption class=\"wp-block-jetpack-slideshow_caption gallery-caption\">FVA M\u00e1laga 2018<\/figcaption><\/figure><\/li><li class=\"wp-block-jetpack-slideshow_slide swiper-slide\"><figure><img loading=\"lazy\" decoding=\"async\" width=\"1280\" height=\"960\" alt=\"\" class=\"wp-block-jetpack-slideshow_image wp-image-617\" data-id=\"617\" src=\"https:\/\/formasdevidaalternativas.art\/wp-content\/uploads\/2021\/07\/photo_2021-07-21_20-54-08-1.jpg\" srcset=\"https:\/\/formasdevidaalternativas.art\/wp-content\/uploads\/2021\/07\/photo_2021-07-21_20-54-08-1.jpg 1280w, https:\/\/formasdevidaalternativas.art\/wp-content\/uploads\/2021\/07\/photo_2021-07-21_20-54-08-1-300x225.jpg 300w, https:\/\/formasdevidaalternativas.art\/wp-content\/uploads\/2021\/07\/photo_2021-07-21_20-54-08-1-1024x768.jpg 1024w, https:\/\/formasdevidaalternativas.art\/wp-content\/uploads\/2021\/07\/photo_2021-07-21_20-54-08-1-768x576.jpg 768w, https:\/\/formasdevidaalternativas.art\/wp-content\/uploads\/2021\/07\/photo_2021-07-21_20-54-08-1-880x660.jpg 880w, https:\/\/formasdevidaalternativas.art\/wp-content\/uploads\/2021\/07\/photo_2021-07-21_20-54-08-1-606x455.jpg 606w, https:\/\/formasdevidaalternativas.art\/wp-content\/uploads\/2021\/07\/photo_2021-07-21_20-54-08-1-730x547.jpg 730w\" sizes=\"(max-width: 1280px) 100vw, 1280px\" \/><figcaption class=\"wp-block-jetpack-slideshow_caption gallery-caption\">FVA M\u00e1laga 2018<\/figcaption><\/figure><\/li><li class=\"wp-block-jetpack-slideshow_slide swiper-slide\"><figure><img loading=\"lazy\" decoding=\"async\" width=\"853\" height=\"1280\" alt=\"\" class=\"wp-block-jetpack-slideshow_image wp-image-619\" data-id=\"619\" src=\"https:\/\/formasdevidaalternativas.art\/wp-content\/uploads\/2021\/07\/photo_2017-09-15_18-58-19.jpg\" srcset=\"https:\/\/formasdevidaalternativas.art\/wp-content\/uploads\/2021\/07\/photo_2017-09-15_18-58-19.jpg 853w, https:\/\/formasdevidaalternativas.art\/wp-content\/uploads\/2021\/07\/photo_2017-09-15_18-58-19-200x300.jpg 200w, https:\/\/formasdevidaalternativas.art\/wp-content\/uploads\/2021\/07\/photo_2017-09-15_18-58-19-682x1024.jpg 682w, https:\/\/formasdevidaalternativas.art\/wp-content\/uploads\/2021\/07\/photo_2017-09-15_18-58-19-768x1152.jpg 768w, https:\/\/formasdevidaalternativas.art\/wp-content\/uploads\/2021\/07\/photo_2017-09-15_18-58-19-440x660.jpg 440w\" sizes=\"(max-width: 853px) 100vw, 853px\" \/><figcaption class=\"wp-block-jetpack-slideshow_caption gallery-caption\">FVA M\u00e1laga 2018<\/figcaption><\/figure><\/li><li class=\"wp-block-jetpack-slideshow_slide swiper-slide\"><figure><img loading=\"lazy\" decoding=\"async\" width=\"720\" height=\"540\" alt=\"\" class=\"wp-block-jetpack-slideshow_image wp-image-623\" data-id=\"623\" src=\"https:\/\/formasdevidaalternativas.art\/wp-content\/uploads\/2021\/07\/photo_2021-07-19_19-48-26.jpg\" srcset=\"https:\/\/formasdevidaalternativas.art\/wp-content\/uploads\/2021\/07\/photo_2021-07-19_19-48-26.jpg 720w, https:\/\/formasdevidaalternativas.art\/wp-content\/uploads\/2021\/07\/photo_2021-07-19_19-48-26-300x225.jpg 300w, https:\/\/formasdevidaalternativas.art\/wp-content\/uploads\/2021\/07\/photo_2021-07-19_19-48-26-606x455.jpg 606w\" sizes=\"(max-width: 720px) 100vw, 720px\" \/><figcaption class=\"wp-block-jetpack-slideshow_caption gallery-caption\">FVA Puente Genil  2019<\/figcaption><\/figure><\/li><li class=\"wp-block-jetpack-slideshow_slide swiper-slide\"><figure><img loading=\"lazy\" decoding=\"async\" width=\"2560\" height=\"1707\" alt=\"\" class=\"wp-block-jetpack-slideshow_image wp-image-624\" data-id=\"624\" src=\"https:\/\/formasdevidaalternativas.art\/wp-content\/uploads\/2021\/07\/DSC_0009-scaled.jpg\" srcset=\"https:\/\/formasdevidaalternativas.art\/wp-content\/uploads\/2021\/07\/DSC_0009-scaled.jpg 2560w, https:\/\/formasdevidaalternativas.art\/wp-content\/uploads\/2021\/07\/DSC_0009-300x200.jpg 300w, https:\/\/formasdevidaalternativas.art\/wp-content\/uploads\/2021\/07\/DSC_0009-1024x683.jpg 1024w, https:\/\/formasdevidaalternativas.art\/wp-content\/uploads\/2021\/07\/DSC_0009-768x512.jpg 768w, https:\/\/formasdevidaalternativas.art\/wp-content\/uploads\/2021\/07\/DSC_0009-1536x1024.jpg 1536w\" sizes=\"(max-width: 2560px) 100vw, 2560px\" \/><figcaption class=\"wp-block-jetpack-slideshow_caption gallery-caption\">FVA Puente Genil  2019<\/figcaption><\/figure><\/li><li class=\"wp-block-jetpack-slideshow_slide swiper-slide\"><figure><img loading=\"lazy\" decoding=\"async\" width=\"2560\" height=\"1707\" alt=\"\" class=\"wp-block-jetpack-slideshow_image wp-image-625\" data-id=\"625\" src=\"https:\/\/formasdevidaalternativas.art\/wp-content\/uploads\/2021\/07\/DSC_0014-scaled.jpg\" srcset=\"https:\/\/formasdevidaalternativas.art\/wp-content\/uploads\/2021\/07\/DSC_0014-scaled.jpg 2560w, https:\/\/formasdevidaalternativas.art\/wp-content\/uploads\/2021\/07\/DSC_0014-300x200.jpg 300w, https:\/\/formasdevidaalternativas.art\/wp-content\/uploads\/2021\/07\/DSC_0014-1024x683.jpg 1024w, https:\/\/formasdevidaalternativas.art\/wp-content\/uploads\/2021\/07\/DSC_0014-768x512.jpg 768w, https:\/\/formasdevidaalternativas.art\/wp-content\/uploads\/2021\/07\/DSC_0014-1536x1024.jpg 1536w\" sizes=\"(max-width: 2560px) 100vw, 2560px\" \/><figcaption class=\"wp-block-jetpack-slideshow_caption gallery-caption\">FVA Puente Genil  2019<\/figcaption><\/figure><\/li><li class=\"wp-block-jetpack-slideshow_slide swiper-slide\"><figure><img loading=\"lazy\" decoding=\"async\" width=\"2560\" height=\"1920\" alt=\"\" class=\"wp-block-jetpack-slideshow_image wp-image-622\" data-id=\"622\" src=\"https:\/\/formasdevidaalternativas.art\/wp-content\/uploads\/2021\/07\/IMG_20190925_200550-scaled.jpg\" srcset=\"https:\/\/formasdevidaalternativas.art\/wp-content\/uploads\/2021\/07\/IMG_20190925_200550-scaled.jpg 2560w, https:\/\/formasdevidaalternativas.art\/wp-content\/uploads\/2021\/07\/IMG_20190925_200550-300x225.jpg 300w\" sizes=\"(max-width: 2560px) 100vw, 2560px\" \/><figcaption class=\"wp-block-jetpack-slideshow_caption gallery-caption\">FVA Puente Genil  2019<\/figcaption><\/figure><\/li><\/ul><a class=\"wp-block-jetpack-slideshow_button-prev swiper-button-prev swiper-button-white\" role=\"button\"><\/a><a class=\"wp-block-jetpack-slideshow_button-next swiper-button-next swiper-button-white\" role=\"button\"><\/a><a aria-label=\"Pause Slideshow\" class=\"wp-block-jetpack-slideshow_button-pause\" role=\"button\"><\/a><div class=\"wp-block-jetpack-slideshow_pagination swiper-pagination swiper-pagination-white\"><\/div><\/div><\/div>\n\n\n\n<ul class=\"wp-block-social-links aligncenter items-justified-center is-layout-flex wp-block-social-links-is-layout-flex\"><li class=\"wp-social-link wp-social-link-instagram  wp-block-social-link\"><a href=\"https:\/\/www.instagram.com\/formas_de_vida_alternativas\/?hl=es\" class=\"wp-block-social-link-anchor\"><svg width=\"24\" height=\"24\" viewBox=\"0 0 24 24\" version=\"1.1\" xmlns=\"http:\/\/www.w3.org\/2000\/svg\" aria-hidden=\"true\" focusable=\"false\"><path d=\"M12,4.622c2.403,0,2.688,0.009,3.637,0.052c0.877,0.04,1.354,0.187,1.671,0.31c0.42,0.163,0.72,0.358,1.035,0.673 c0.315,0.315,0.51,0.615,0.673,1.035c0.123,0.317,0.27,0.794,0.31,1.671c0.043,0.949,0.052,1.234,0.052,3.637 s-0.009,2.688-0.052,3.637c-0.04,0.877-0.187,1.354-0.31,1.671c-0.163,0.42-0.358,0.72-0.673,1.035 c-0.315,0.315-0.615,0.51-1.035,0.673c-0.317,0.123-0.794,0.27-1.671,0.31c-0.949,0.043-1.233,0.052-3.637,0.052 s-2.688-0.009-3.637-0.052c-0.877-0.04-1.354-0.187-1.671-0.31c-0.42-0.163-0.72-0.358-1.035-0.673 c-0.315-0.315-0.51-0.615-0.673-1.035c-0.123-0.317-0.27-0.794-0.31-1.671C4.631,14.688,4.622,14.403,4.622,12 s0.009-2.688,0.052-3.637c0.04-0.877,0.187-1.354,0.31-1.671c0.163-0.42,0.358-0.72,0.673-1.035 c0.315-0.315,0.615-0.51,1.035-0.673c0.317-0.123,0.794-0.27,1.671-0.31C9.312,4.631,9.597,4.622,12,4.622 M12,3 C9.556,3,9.249,3.01,8.289,3.054C7.331,3.098,6.677,3.25,6.105,3.472C5.513,3.702,5.011,4.01,4.511,4.511 c-0.5,0.5-0.808,1.002-1.038,1.594C3.25,6.677,3.098,7.331,3.054,8.289C3.01,9.249,3,9.556,3,12c0,2.444,0.01,2.751,0.054,3.711 c0.044,0.958,0.196,1.612,0.418,2.185c0.23,0.592,0.538,1.094,1.038,1.594c0.5,0.5,1.002,0.808,1.594,1.038 c0.572,0.222,1.227,0.375,2.185,0.418C9.249,20.99,9.556,21,12,21s2.751-0.01,3.711-0.054c0.958-0.044,1.612-0.196,2.185-0.418 c0.592-0.23,1.094-0.538,1.594-1.038c0.5-0.5,0.808-1.002,1.038-1.594c0.222-0.572,0.375-1.227,0.418-2.185 C20.99,14.751,21,14.444,21,12s-0.01-2.751-0.054-3.711c-0.044-0.958-0.196-1.612-0.418-2.185c-0.23-0.592-0.538-1.094-1.038-1.594 c-0.5-0.5-1.002-0.808-1.594-1.038c-0.572-0.222-1.227-0.375-2.185-0.418C14.751,3.01,14.444,3,12,3L12,3z M12,7.378 c-2.552,0-4.622,2.069-4.622,4.622S9.448,16.622,12,16.622s4.622-2.069,4.622-4.622S14.552,7.378,12,7.378z M12,15 c-1.657,0-3-1.343-3-3s1.343-3,3-3s3,1.343,3,3S13.657,15,12,15z M16.804,6.116c-0.596,0-1.08,0.484-1.08,1.08 s0.484,1.08,1.08,1.08c0.596,0,1.08-0.484,1.08-1.08S17.401,6.116,16.804,6.116z\"><\/path><\/svg><span class=\"wp-block-social-link-label screen-reader-text\">Instagram<\/span><\/a><\/li>\n\n<li class=\"wp-social-link wp-social-link-youtube  wp-block-social-link\"><a href=\"https:\/\/studio.youtube.com\/channel\/UCTQuEvRoPK0Zd5pRPGlZjgA\/editing\/images\" class=\"wp-block-social-link-anchor\"><svg width=\"24\" height=\"24\" viewBox=\"0 0 24 24\" version=\"1.1\" xmlns=\"http:\/\/www.w3.org\/2000\/svg\" aria-hidden=\"true\" focusable=\"false\"><path d=\"M21.8,8.001c0,0-0.195-1.378-0.795-1.985c-0.76-0.797-1.613-0.801-2.004-0.847c-2.799-0.202-6.997-0.202-6.997-0.202 h-0.009c0,0-4.198,0-6.997,0.202C4.608,5.216,3.756,5.22,2.995,6.016C2.395,6.623,2.2,8.001,2.2,8.001S2,9.62,2,11.238v1.517 c0,1.618,0.2,3.237,0.2,3.237s0.195,1.378,0.795,1.985c0.761,0.797,1.76,0.771,2.205,0.855c1.6,0.153,6.8,0.201,6.8,0.201 s4.203-0.006,7.001-0.209c0.391-0.047,1.243-0.051,2.004-0.847c0.6-0.607,0.795-1.985,0.795-1.985s0.2-1.618,0.2-3.237v-1.517 C22,9.62,21.8,8.001,21.8,8.001z M9.935,14.594l-0.001-5.62l5.404,2.82L9.935,14.594z\"><\/path><\/svg><span class=\"wp-block-social-link-label screen-reader-text\">YouTube<\/span><\/a><\/li>\n\n<li class=\"wp-social-link wp-social-link-mail  wp-block-social-link\"><a href=\"mailto:&#102;o&#114;&#109;&#097;s&#100;&#101;v&#105;&#100;&#097;&#108;&#116;&#101;&#114;&#110;&#097;&#116;ivas&#064;g&#109;&#097;il&#046;co&#109;\" class=\"wp-block-social-link-anchor\"><svg width=\"24\" height=\"24\" viewBox=\"0 0 24 24\" version=\"1.1\" xmlns=\"http:\/\/www.w3.org\/2000\/svg\" aria-hidden=\"true\" focusable=\"false\"><path d=\"M19,5H5c-1.1,0-2,.9-2,2v10c0,1.1.9,2,2,2h14c1.1,0,2-.9,2-2V7c0-1.1-.9-2-2-2zm.5,12c0,.3-.2.5-.5.5H5c-.3,0-.5-.2-.5-.5V9.8l7.5,5.6,7.5-5.6V17zm0-9.1L12,13.6,4.5,7.9V7c0-.3.2-.5.5-.5h14c.3,0,.5.2.5.5v.9z\"><\/path><\/svg><span class=\"wp-block-social-link-label screen-reader-text\">Mail<\/span><\/a><\/li><\/ul>\n<\/div><\/div>\n\n\n\n<hr class=\"wp-block-separator has-text-color has-accent-color has-alpha-channel-opacity has-accent-background-color has-background is-style-dots\"\/>\n\n\n\n<div class=\"wp-block-columns is-layout-flex wp-container-core-columns-is-layout-9d6595d7 wp-block-columns-is-layout-flex\">\n<div class=\"wp-block-column is-vertically-aligned-center is-layout-flow wp-block-column-is-layout-flow\"><div class=\"wp-block-image\">\n<figure class=\"aligncenter size-full\"><a href=\"https:\/\/www.eldiadecordoba.es\/cordoba\/Artisan-gastronomia-joyeria-turismo-Cordoba_0_1445255698.html\" target=\"_blank\" rel=\"noopener\"><img loading=\"lazy\" decoding=\"async\" width=\"667\" height=\"375\" src=\"https:\/\/formasdevidaalternativas.art\/wp-content\/uploads\/2021\/08\/Foto-familia-proyecto-Artisan_1445265859_118393388_667x375.jpg\" alt=\"\" class=\"wp-image-1143\" srcset=\"https:\/\/formasdevidaalternativas.art\/wp-content\/uploads\/2021\/08\/Foto-familia-proyecto-Artisan_1445265859_118393388_667x375.jpg 667w, https:\/\/formasdevidaalternativas.art\/wp-content\/uploads\/2021\/08\/Foto-familia-proyecto-Artisan_1445265859_118393388_667x375-300x169.jpg 300w\" sizes=\"auto, (max-width: 667px) 100vw, 667px\" \/><\/a><figcaption class=\"wp-element-caption\"><a href=\"https:\/\/www.eldiadecordoba.es\/cordoba\/Artisan-gastronomia-joyeria-turismo-Cordoba_0_1445255698.html\">Artisan, el nuevo proyecto que fusiona la gastronom\u00eda y la tradici\u00f3n joyera de C\u00f3rdoba<\/a><\/figcaption><\/figure><\/div><\/div>\n<\/div>\n<\/div>\n<\/div>\n<\/div>\n<\/div>\n\n\n\n<div class=\"wp-block-columns is-layout-flex wp-container-core-columns-is-layout-9d6595d7 wp-block-columns-is-layout-flex\">\n<div class=\"wp-block-column is-vertically-aligned-center is-layout-flow wp-block-column-is-layout-flow\">\n<div class=\"wp-block-columns alignwide is-layout-flex wp-container-core-columns-is-layout-9d6595d7 wp-block-columns-is-layout-flex\">\n<div class=\"wp-block-column is-vertically-aligned-center is-layout-flow wp-block-column-is-layout-flow\" style=\"flex-basis:100%\">\n<figure class=\"wp-block-embed aligncenter is-type-wp-embed is-provider-puente-genil-ok wp-block-embed-puente-genil-ok\"><div class=\"wp-block-embed__wrapper\">\n<blockquote class=\"wp-embedded-content\" data-secret=\"vgVkirG0zj\"><a href=\"https:\/\/puentegenilok.es\/2019\/09\/15\/830\/\">La Casa de la Cultura abre sus puertas a la exposici\u00f3n de Flor Albelda<\/a><\/blockquote><iframe loading=\"lazy\" class=\"wp-embedded-content\" sandbox=\"allow-scripts\" security=\"restricted\" style=\"position: absolute; visibility: hidden;\" title=\"\u00abLa Casa de la Cultura abre sus puertas a la exposici\u00f3n de Flor Albelda\u00bb \u2014 Puente Genil OK\" src=\"https:\/\/puentegenilok.es\/2019\/09\/15\/830\/embed\/#?secret=hHK2rwZEl1#?secret=vgVkirG0zj\" data-secret=\"vgVkirG0zj\" width=\"580\" height=\"327\" frameborder=\"0\" marginwidth=\"0\" marginheight=\"0\" scrolling=\"no\"><\/iframe>\n<\/div><\/figure>\n<\/div>\n<\/div>\n<\/div>\n<\/div>\n\n\n\n<div class=\"wp-block-columns are-vertically-aligned-center is-layout-flex wp-container-core-columns-is-layout-9d6595d7 wp-block-columns-is-layout-flex\">\n<div class=\"wp-block-column is-vertically-aligned-center is-layout-flow wp-block-column-is-layout-flow\" style=\"flex-basis:100%\">\n<div class=\"wp-block-columns alignwide is-layout-flex wp-container-core-columns-is-layout-9d6595d7 wp-block-columns-is-layout-flex\">\n<div class=\"wp-block-column is-vertically-aligned-center is-layout-flow wp-block-column-is-layout-flow\">\n<figure class=\"wp-block-embed is-type-rich is-provider-twitter wp-block-embed-twitter\"><div class=\"wp-block-embed__wrapper\">\n<blockquote class=\"twitter-tweet\" data-width=\"550\" data-dnt=\"true\"><p lang=\"es\" dir=\"ltr\">Ayer inauguramos la exposici\u00f3n FORMAS DE VIDA ALTERNATIVAS, de la cordobesa Flor Albelda Graciano \ud83d\udc4c Est\u00e1is invitados a verla hasta el 2 de marzo en <a href=\"https:\/\/twitter.com\/hashtag\/LaCajaBlanca?src=hash&amp;ref_src=twsrc%5Etfw\">#LaCajaBlanca<\/a> \ud83d\ude01 <a href=\"https:\/\/twitter.com\/hashtag\/JuventudM%C3%A1laga?src=hash&amp;ref_src=twsrc%5Etfw\">#JuventudM\u00e1laga<\/a> <a href=\"https:\/\/twitter.com\/hashtag\/M%C3%A1laga?src=hash&amp;ref_src=twsrc%5Etfw\">#M\u00e1laga<\/a> <a href=\"https:\/\/twitter.com\/hashtag\/ArteM%C3%A1laga?src=hash&amp;ref_src=twsrc%5Etfw\">#ArteM\u00e1laga<\/a> <a href=\"https:\/\/t.co\/eMeHrSNh1Z\">pic.twitter.com\/eMeHrSNh1Z<\/a><\/p>&mdash; \u00c1rea de Juventud (@MalagaJuventud) <a href=\"https:\/\/twitter.com\/MalagaJuventud\/status\/956938640642465792?ref_src=twsrc%5Etfw\">January 26, 2018<\/a><\/blockquote><script async src=\"https:\/\/platform.twitter.com\/widgets.js\" charset=\"utf-8\"><\/script>\n<\/div><\/figure>\n\n\n\n<div class=\"wp-block-group\"><div class=\"wp-block-group__inner-container is-layout-flow wp-block-group-is-layout-flow\">\n<hr class=\"wp-block-separator has-text-color has-accent-color has-alpha-channel-opacity has-accent-background-color has-background is-style-dots\"\/>\n\n\n\n<div class=\"wp-block-columns is-layout-flex wp-container-core-columns-is-layout-9d6595d7 wp-block-columns-is-layout-flex\">\n<div class=\"wp-block-column is-layout-flow wp-block-column-is-layout-flow\"><div class=\"wp-block-image\">\n<figure class=\"aligncenter size-large is-resized\"><img loading=\"lazy\" decoding=\"async\" src=\"https:\/\/formasdevidaalternativas.art\/wp-content\/uploads\/2022\/07\/cropped-selloflorvector-e1657215999398-1006x1024.png\" alt=\"\" class=\"wp-image-1475\" width=\"166\" height=\"168\" srcset=\"https:\/\/formasdevidaalternativas.art\/wp-content\/uploads\/2022\/07\/cropped-selloflorvector-e1657215999398-1006x1024.png 1006w, https:\/\/formasdevidaalternativas.art\/wp-content\/uploads\/2022\/07\/cropped-selloflorvector-e1657215999398-295x300.png 295w, https:\/\/formasdevidaalternativas.art\/wp-content\/uploads\/2022\/07\/cropped-selloflorvector-e1657215999398-768x782.png 768w, https:\/\/formasdevidaalternativas.art\/wp-content\/uploads\/2022\/07\/cropped-selloflorvector-e1657215999398-1508x1536.png 1508w, https:\/\/formasdevidaalternativas.art\/wp-content\/uploads\/2022\/07\/cropped-selloflorvector-e1657215999398-2011x2048.png 2011w, https:\/\/formasdevidaalternativas.art\/wp-content\/uploads\/2022\/07\/cropped-selloflorvector-e1657215999398-648x660.png 648w, https:\/\/formasdevidaalternativas.art\/wp-content\/uploads\/2022\/07\/cropped-selloflorvector-e1657215999398-50x50.png 50w\" sizes=\"auto, (max-width: 166px) 100vw, 166px\" \/><\/figure><\/div><\/div>\n<\/div>\n\n\n\n<p class=\"has-text-align-center\" style=\"font-size:25px\"> <a href=\"https:\/\/malagacreactividad.wordpress.com\/2018\/02\/11\/el-arte-de-las-jovenes-promesas-malaguenas\/\" target=\"_blank\" rel=\"noreferrer noopener\"><strong>El Arte de las j\u00f3venes promesas&nbsp;malague\u00f1as<\/strong><\/a><br><a href=\"https:\/\/malagacreactividad.wordpress.com\/2018\/02\/11\/el-arte-de-las-jovenes-promesas-malaguenas\/\" target=\"_blank\" rel=\"noreferrer noopener\">&lt;&lt; \u00c1rea de la juventud &gt;&gt;<\/a><\/p>\n\n\n\n<hr class=\"wp-block-separator has-text-color has-accent-color has-alpha-channel-opacity has-accent-background-color has-background is-style-dots\"\/>\n\n\n\n<p><\/p>\n\n\n<div class=\"wp-block-image\">\n<figure class=\"aligncenter size-full is-resized\"><a href=\"https:\/\/www.imdb.com\/name\/nm9756846\/?ref_=nv_sr_srsg_0\" target=\"_blank\" rel=\"noopener\"><img loading=\"lazy\" decoding=\"async\" src=\"https:\/\/formasdevidaalternativas.art\/wp-content\/uploads\/2021\/08\/andersen-8.png\" alt=\"\" class=\"wp-image-1262\" width=\"334\" height=\"494\"\/><\/a><\/figure><\/div>\n\n\n<p>      <\/p>\n<\/div><\/div>\n<\/div>\n<\/div>\n<\/div>\n<\/div>\n<\/div><\/div>\n<\/div>\n<\/div>\n","protected":false},"excerpt":{"rendered":"<p>\ud835\udc39\ud835\udc59\ud835\udc5c\ud835\udc5f \ud835\udc34\ud835\udc59\ud835\udc4f\ud835\udc52\ud835\udc59\ud835\udc51\ud835\udc4e \ud835\udc3a\ud835\udc5f\ud835\udc4e\ud835\udc50\ud835\udc56\ud835\udc4e\ud835\udc5b\ud835\udc5c El Arte de las j\u00f3venes promesas&nbsp;malague\u00f1as&lt;&lt; \u00c1rea de la juventud &gt;&gt;<\/p>\n","protected":false},"author":1,"featured_media":0,"parent":0,"menu_order":0,"comment_status":"closed","ping_status":"closed","template":"","meta":{"om_disable_all_campaigns":false,"_monsterinsights_skip_tracking":false,"_monsterinsights_sitenote_active":false,"_monsterinsights_sitenote_note":"","_monsterinsights_sitenote_category":0,"footnotes":""},"class_list":["post-489","page","type-page","status-publish","hentry"],"aioseo_notices":[],"jetpack_sharing_enabled":true,"_links":{"self":[{"href":"https:\/\/formasdevidaalternativas.art\/index.php?rest_route=\/wp\/v2\/pages\/489","targetHints":{"allow":["GET"]}}],"collection":[{"href":"https:\/\/formasdevidaalternativas.art\/index.php?rest_route=\/wp\/v2\/pages"}],"about":[{"href":"https:\/\/formasdevidaalternativas.art\/index.php?rest_route=\/wp\/v2\/types\/page"}],"author":[{"embeddable":true,"href":"https:\/\/formasdevidaalternativas.art\/index.php?rest_route=\/wp\/v2\/users\/1"}],"replies":[{"embeddable":true,"href":"https:\/\/formasdevidaalternativas.art\/index.php?rest_route=%2Fwp%2Fv2%2Fcomments&post=489"}],"version-history":[{"count":6,"href":"https:\/\/formasdevidaalternativas.art\/index.php?rest_route=\/wp\/v2\/pages\/489\/revisions"}],"predecessor-version":[{"id":1581,"href":"https:\/\/formasdevidaalternativas.art\/index.php?rest_route=\/wp\/v2\/pages\/489\/revisions\/1581"}],"wp:attachment":[{"href":"https:\/\/formasdevidaalternativas.art\/index.php?rest_route=%2Fwp%2Fv2%2Fmedia&parent=489"}],"curies":[{"name":"wp","href":"https:\/\/api.w.org\/{rel}","templated":true}]}}