{"id":462,"date":"2021-07-21T08:40:13","date_gmt":"2021-07-21T08:40:13","guid":{"rendered":"https:\/\/formasdevidaalternativas.art\/?page_id=462"},"modified":"2025-08-18T17:57:27","modified_gmt":"2025-08-18T17:57:27","slug":"biografia","status":"publish","type":"page","link":"https:\/\/formasdevidaalternativas.art\/?page_id=462","title":{"rendered":"\ud83c\udd51\ud83c\udd58\ud83c\udd5e\ud83c\udd56\ud83c\udd61\ud83c\udd50\ud83c\udd55\ud83c\udd58\ud83c\udd50"},"content":{"rendered":"\n<div class=\"wp-block-columns are-vertically-aligned-center is-layout-flex wp-container-core-columns-is-layout-9d6595d7 wp-block-columns-is-layout-flex\">\n<div class=\"wp-block-column is-vertically-aligned-center is-layout-flow wp-block-column-is-layout-flow\">\n<div class=\"wp-block-columns is-layout-flex wp-container-core-columns-is-layout-9d6595d7 wp-block-columns-is-layout-flex\">\n<div class=\"wp-block-column is-layout-flow wp-block-column-is-layout-flow\" style=\"flex-basis:100%\">\n<div class=\"wp-block-columns is-layout-flex wp-container-core-columns-is-layout-9d6595d7 wp-block-columns-is-layout-flex\">\n<div class=\"wp-block-column is-layout-flow wp-block-column-is-layout-flow\" style=\"flex-basis:100%\">\n<figure class=\"wp-block-pullquote\"><blockquote><p><mark style=\"background-color:rgba(0, 0, 0, 0)\" class=\"has-inline-color has-accent-color\"><em><kbd>Dicen que el poeta vive de las pinceladas en los versos, que cada d\u00eda escribe \"<\/kbd><\/em><\/mark><\/p><\/blockquote><\/figure>\n<\/div>\n<\/div>\n<\/div>\n<\/div>\n<\/div>\n\n\n\n<div class=\"wp-block-column is-vertically-aligned-center is-layout-flow wp-block-column-is-layout-flow\"><div class=\"wp-block-image is-style-rounded\">\n<figure class=\"aligncenter size-full is-resized\"><img loading=\"lazy\" decoding=\"async\" width=\"320\" height=\"184\" src=\"https:\/\/formasdevidaalternativas.art\/wp-content\/uploads\/2021\/07\/20171026022427-7c011ad592.gif-2-mp4.com_.gif\" alt=\"\" class=\"wp-image-656\" style=\"width:323px;height:218px\"\/><\/figure><\/div><\/div>\n<\/div>\n\n\n\n<hr class=\"wp-block-separator has-text-color has-accent-color has-alpha-channel-opacity has-accent-background-color has-background is-style-dots\"\/>\n\n\n\n<h3 class=\"wp-block-heading has-normal-font-size\">Flor Albelda naci\u00f3 en M\u00e1laga en 1991, en una familia conformada por una madre sevillana y un padre cordob\u00e9s.  <\/h3>\n\n\n\n<blockquote class=\"wp-block-quote has-text-align-left is-style-plain is-layout-flow wp-block-quote-is-layout-flow\">\n<p>Siendo la menor de dos hermanas, desde muy peque\u00f1a mostr\u00f3 una gran inquietud por el arte y la naturaleza, inter\u00e9s el cual fue alimentado por su familia y entorno, provocando que desde bien ni\u00f1a tuviese claro cual iba a ser su futuro profesional. Gracias a su capacidad extrovertida y necesidad de expresi\u00f3n, sus pasos fueron orientados hacia el conocimiento de las diferentes disciplinas, y a su vez estas, se convirtieron en los motivos por los que seguir caminando.<\/p>\n\n\n\n<p>Durante su juventud vivi\u00f3 en Antequera, siendo una gran apasionada de la interpretaci\u00f3n, la poes\u00eda y la m\u00fasica, con las que tuvo una primera toma de contacto, y las que hasta el momento han sido una importante fuente de inspiraci\u00f3n.<\/p>\n\n\n\n<p>A sus 18 a\u00f1os, en 2009 inici\u00f3 sus estudios universitarios en la que fue su ciudad natal M\u00e1laga, realiz\u00f3 el<strong> Grado en Historia del Arte<\/strong>, carrera que le ayudar\u00eda a definir mejor cu\u00e1l ser\u00eda su trayectoria, a lo largo de los siguientes a\u00f1os. Tras conocer el mundo de las vanguardias y del arte conceptual, se decidi\u00f3 por realizar el <strong>Grado en Bellas Artes<\/strong>, tambi\u00e9n en la universidad de M\u00e1laga hacia el 2013, otorg\u00e1ndole a las artes pl\u00e1sticas y contempor\u00e1neas las primeras etapas creativas de su vida, abrazando de esta forma el arte pr\u00e1ctico, y decidida a encontrar su lenguaje y gesto personal.<\/p>\n\n\n\n<p>En 2018, llev\u00f3 a cabo su primera exposici\u00f3n, acogida con \u00e9xito en <em>el \u00e1rea de juventud del ayuntamiento de M\u00e1laga<\/em>, all\u00ed dar\u00eda a luz en primicia y para el mundo, su proyecto de vida, titulado <strong><em>\u201cFormas de vida alternativas. Donde el arte se transforma en vida<\/em>\u201d<\/strong>; y mediante el cual propone una mirada hacia el arte que va m\u00e1s all\u00e1 de la mera contemplaci\u00f3n, y m\u00e1s hacia una actitud vital, de reflexi\u00f3n, autoconocimiento y aceptaci\u00f3n.<\/p>\n\n\n\n<p>Hacia el 2019, realiz\u00f3 su segunda exposici\u00f3n en la <em>casa de la cultura de Puente Genil <\/em>(C\u00f3rdoba), pueblo natal de su familia paterna, en ella <em>\u201cFormas de vida Alternativas\u201d (FVA)<\/em>, inclu\u00eda ya sus obras actualizadas en las que se pod\u00edan encontrar obras pertenecientes a la colecci\u00f3n <strong><em>\u201cArte Vera\u201d<\/em><\/strong>, un proyecto te\u00f3rico-pr\u00e1ctico donde la artista analiza el origen de los aglutinantes y pigmentos presentes en las pinturas, as\u00ed como su toxicidad, y el estudio de nuevas alternativas no contaminantes que permitan un menor impacto en el ecosistema.<\/p>\n\n\n\n<p>En el 2020, muestra un mayor inter\u00e9s por el <strong>dise\u00f1o gr\u00e1fico y 3D<\/strong>; y su aplicaci\u00f3n en el campo de la joyer\u00eda, as\u00ed como por el \u00e1mbito artesanal de esta, realizando una serie de cursos en la Escuela de Joyer\u00eda de C\u00f3rdoba, que complementar\u00edan y ampliar\u00edan sus conocimientos sobre los metales, los materiales nobles, el dise\u00f1o mediante ordenador y el prototipado 3D.<\/p>\n\n\n\n<p>Durante este tiempo de formaci\u00f3n gana el tercer premio, con el dise\u00f1o de su llavero <em>\u201cGastroj\u00f3yico\u201d, <\/em>en un concurso propuesto por el <em>grupo Puerta Sevilla de C\u00f3rdoba,<\/em> con la colaboraci\u00f3n de la <em>C\u00e1tedra de Gastronom\u00eda de Andaluc\u00eda<\/em> y la <em>Escuela de Joyer\u00eda de C\u00f3rdoba<\/em>, un proyecto tur\u00edstico titulado <em>Artisan<\/em>, en el cual gastronom\u00eda y tradici\u00f3n joyera se fusionan.<\/p>\n\n\n\n<p>Su obra abarca diferentes estilos y disciplinas, adaptadas a las necesidades de la autora y a su \u00e9poca, partiendo desde un surrealismo que se torna cada vez m\u00e1s desfigurado, a una abstracci\u00f3n total, incluyendo trabajos de ilustraci\u00f3n unos m\u00e1s figurativos, otros no tanto, en los que, en su mayor\u00eda, estos se muestran acompa\u00f1ados de poemas o escritos. Estando muy presentes tambi\u00e9n en su obra, los cuadernos de artista, peque\u00f1os libretos a trav\u00e9s de los cuales Flor Albelda lleva a cabo sesiones de<strong> arteterap\u00eda<\/strong>, disciplina que con el tiempo cobra mayor importancia y actividad en su carrera permiti\u00e9ndole, mantenerse conectada con su dimensi\u00f3n art\u00edstica y creativa, as\u00ed como potenciar sus habilidades y mantener su equilibrio mental y emocional.<\/p>\n\n\n\n<p>Para la artista, el arte se convierte en un medio que le permite expresar lo m\u00e1s \u00edntimo de sus emociones y pensamientos, un canal donde mostrar y descubrir las posibilidades de comunicaci\u00f3n que existen y est\u00e1n a su alcance.<\/p>\n\n\n\n<p>Todas las piezas expuestas y realizadas a lo largo de su vida, constituyen en s\u00ed su propia biograf\u00eda, ya que estas resultan la m\u00e1s fiel y verdadera muestra de experiencia y expresi\u00f3n de la misma.<\/p>\n<\/blockquote>\n\n\n\n<div class=\"wp-block-group alignwide\"><div class=\"wp-block-group__inner-container is-layout-flow wp-block-group-is-layout-flow\">\n<div class=\"wp-block-columns is-layout-flex wp-container-core-columns-is-layout-9d6595d7 wp-block-columns-is-layout-flex\">\n<div class=\"wp-block-column is-layout-flow wp-block-column-is-layout-flow\" style=\"flex-basis:100%\">\n<div class=\"wp-block-columns alignwide is-layout-flex wp-container-core-columns-is-layout-9d6595d7 wp-block-columns-is-layout-flex\">\n<div class=\"wp-block-column is-vertically-aligned-top is-layout-flow wp-block-column-is-layout-flow\">\n<div class=\"wp-block-group\"><div class=\"wp-block-group__inner-container is-layout-flow wp-block-group-is-layout-flow\">\n<div class=\"wp-block-columns alignwide is-layout-flex wp-container-core-columns-is-layout-9d6595d7 wp-block-columns-is-layout-flex\">\n<div class=\"wp-block-column is-vertically-aligned-top is-layout-flow wp-block-column-is-layout-flow\">\n<div class=\"wp-block-group\"><div class=\"wp-block-group__inner-container is-layout-flow wp-block-group-is-layout-flow\"><\/div><\/div>\n\n\n\n<p><\/p>\n<\/div>\n<\/div>\n<\/div><\/div>\n<\/div>\n<\/div>\n\n\n\n<div class=\"wp-block-group\"><div class=\"wp-block-group__inner-container is-layout-flow wp-block-group-is-layout-flow\">\n<p><\/p>\n<\/div><\/div>\n<\/div>\n<\/div>\n<\/div><\/div>\n","protected":false},"excerpt":{"rendered":"<p>Dicen que el poeta vive de las pinceladas en los versos, que cada d\u00eda escribe \u00bb Flor Albelda naci\u00f3 en M\u00e1laga en 1991, en una familia conformada por una madre sevillana y un padre cordob\u00e9s. Siendo la menor de dos hermanas, desde muy peque\u00f1a mostr\u00f3 una gran inquietud por el arte y la naturaleza, inter\u00e9s [&hellip;]<\/p>\n","protected":false},"author":1,"featured_media":0,"parent":0,"menu_order":0,"comment_status":"closed","ping_status":"closed","template":"","meta":{"om_disable_all_campaigns":false,"_monsterinsights_skip_tracking":false,"_monsterinsights_sitenote_active":false,"_monsterinsights_sitenote_note":"","_monsterinsights_sitenote_category":0,"footnotes":""},"class_list":["post-462","page","type-page","status-publish","hentry"],"aioseo_notices":[],"jetpack_sharing_enabled":true,"_links":{"self":[{"href":"https:\/\/formasdevidaalternativas.art\/index.php?rest_route=\/wp\/v2\/pages\/462","targetHints":{"allow":["GET"]}}],"collection":[{"href":"https:\/\/formasdevidaalternativas.art\/index.php?rest_route=\/wp\/v2\/pages"}],"about":[{"href":"https:\/\/formasdevidaalternativas.art\/index.php?rest_route=\/wp\/v2\/types\/page"}],"author":[{"embeddable":true,"href":"https:\/\/formasdevidaalternativas.art\/index.php?rest_route=\/wp\/v2\/users\/1"}],"replies":[{"embeddable":true,"href":"https:\/\/formasdevidaalternativas.art\/index.php?rest_route=%2Fwp%2Fv2%2Fcomments&post=462"}],"version-history":[{"count":6,"href":"https:\/\/formasdevidaalternativas.art\/index.php?rest_route=\/wp\/v2\/pages\/462\/revisions"}],"predecessor-version":[{"id":1583,"href":"https:\/\/formasdevidaalternativas.art\/index.php?rest_route=\/wp\/v2\/pages\/462\/revisions\/1583"}],"wp:attachment":[{"href":"https:\/\/formasdevidaalternativas.art\/index.php?rest_route=%2Fwp%2Fv2%2Fmedia&parent=462"}],"curies":[{"name":"wp","href":"https:\/\/api.w.org\/{rel}","templated":true}]}}