{"id":1446,"date":"2022-05-27T13:36:45","date_gmt":"2022-05-27T13:36:45","guid":{"rendered":"https:\/\/formasdevidaalternativas.art\/?page_id=1446"},"modified":"2022-07-07T22:27:40","modified_gmt":"2022-07-07T22:27:40","slug":"artes-espaciales-3","status":"publish","type":"page","link":"https:\/\/formasdevidaalternativas.art\/?page_id=1446","title":{"rendered":"\u15e9\u1587T\u156e\u1515 \u156e\u1515\u1598\u15e9\u1645\u14ee\u15e9\u14aa\u156e\u1515"},"content":{"rendered":"\n<figure class=\"wp-block-table aligncenter has-normal-font-size\"><table><tbody><tr><td class=\"has-text-align-center\" data-align=\"center\"><mark style=\"background-color:rgba(0, 0, 0, 0)\" class=\"has-inline-color has-white-color\"><strong><a href=\"https:\/\/formasdevidaalternativas.art\/?page_id=556\" title=\"PINTURA E ILUSTRACI\u00d3N\">PINTURA E ILUSTRACI\u00d3N<\/a><\/strong><\/mark><\/td><\/tr><tr><td class=\"has-text-align-center\" data-align=\"center\"><strong><mark style=\"background-color:rgba(0, 0, 0, 0)\" class=\"has-inline-color has-white-color\"><a href=\"https:\/\/formasdevidaalternativas.art\/?page_id=802\" title=\"ESCULTURA E INSTALACI\u00d3N\">ESCULTURA E INSTALACI\u00d3N<\/a><\/mark><\/strong><\/td><\/tr><tr><td class=\"has-text-align-center\" data-align=\"center\"><strong><mark style=\"background-color:rgba(0, 0, 0, 0)\" class=\"has-inline-color has-white-color\"><a href=\"https:\/\/formasdevidaalternativas.art\/?page_id=801\" title=\"DISE\u00d1O GR\u00c1FICO\">DISE\u00d1O GR\u00c1FICO<\/a><\/mark><\/strong><\/td><\/tr><tr><td class=\"has-text-align-center\" data-align=\"center\"><mark style=\"background-color:rgba(0, 0, 0, 0)\" class=\"has-inline-color has-white-color\"><strong><a href=\"https:\/\/formasdevidaalternativas.art\/?page_id=852\" title=\"JOYER\u00cdA Y 3D\">JOYER\u00cdA Y 3D<\/a><\/strong><\/mark><\/td><\/tr><tr><td class=\"has-text-align-center\" data-align=\"center\"><strong><mark style=\"background-color:rgba(0, 0, 0, 0)\" class=\"has-inline-color has-white-color\"><a href=\"https:\/\/formasdevidaalternativas.art\/?page_id=803\" title=\"FOTOGRAF\u00cdA\">FOTOGRAF\u00cdA<\/a><\/mark><\/strong><\/td><\/tr><\/tbody><\/table><\/figure>\n","protected":false},"excerpt":{"rendered":"<p>PINTURA E ILUSTRACI\u00d3N ESCULTURA E INSTALACI\u00d3N DISE\u00d1O GR\u00c1FICO JOYER\u00cdA Y 3D FOTOGRAF\u00cdA<\/p>\n","protected":false},"author":1,"featured_media":0,"parent":0,"menu_order":0,"comment_status":"closed","ping_status":"closed","template":"","meta":{"om_disable_all_campaigns":false,"_monsterinsights_skip_tracking":false,"_monsterinsights_sitenote_active":false,"_monsterinsights_sitenote_note":"","_monsterinsights_sitenote_category":0,"footnotes":""},"class_list":["post-1446","page","type-page","status-publish","hentry"],"aioseo_notices":[],"jetpack_sharing_enabled":true,"_links":{"self":[{"href":"https:\/\/formasdevidaalternativas.art\/index.php?rest_route=\/wp\/v2\/pages\/1446","targetHints":{"allow":["GET"]}}],"collection":[{"href":"https:\/\/formasdevidaalternativas.art\/index.php?rest_route=\/wp\/v2\/pages"}],"about":[{"href":"https:\/\/formasdevidaalternativas.art\/index.php?rest_route=\/wp\/v2\/types\/page"}],"author":[{"embeddable":true,"href":"https:\/\/formasdevidaalternativas.art\/index.php?rest_route=\/wp\/v2\/users\/1"}],"replies":[{"embeddable":true,"href":"https:\/\/formasdevidaalternativas.art\/index.php?rest_route=%2Fwp%2Fv2%2Fcomments&post=1446"}],"version-history":[{"count":4,"href":"https:\/\/formasdevidaalternativas.art\/index.php?rest_route=\/wp\/v2\/pages\/1446\/revisions"}],"predecessor-version":[{"id":1553,"href":"https:\/\/formasdevidaalternativas.art\/index.php?rest_route=\/wp\/v2\/pages\/1446\/revisions\/1553"}],"wp:attachment":[{"href":"https:\/\/formasdevidaalternativas.art\/index.php?rest_route=%2Fwp%2Fv2%2Fmedia&parent=1446"}],"curies":[{"name":"wp","href":"https:\/\/api.w.org\/{rel}","templated":true}]}}